{"id":1460,"date":"2013-09-03T17:46:21","date_gmt":"2013-09-03T22:46:21","guid":{"rendered":"http:\/\/lacanasteria.wordpress.com\/?page_id=1460"},"modified":"2013-09-03T17:46:21","modified_gmt":"2013-09-03T22:46:21","slug":"how-to-buy","status":"publish","type":"page","link":"https:\/\/www.lacanasteria.com.mx\/blog\/how-to-buy\/","title":{"rendered":"Contacto"},"content":{"rendered":"<p><img loading=\"lazy\" decoding=\"async\" class=\"alignnone size-full wp-image-3478\" src=\"http:\/\/lacanasteria.com.mx\/blog\/wp-content\/uploads\/2016\/02\/kichink_ad.jpg\" alt=\"Kichink_Ad\" width=\"851\" height=\"315\" srcset=\"https:\/\/www.lacanasteria.com.mx\/blog\/wp-content\/uploads\/2016\/02\/kichink_ad.jpg 851w, https:\/\/www.lacanasteria.com.mx\/blog\/wp-content\/uploads\/2016\/02\/kichink_ad-300x111.jpg 300w, https:\/\/www.lacanasteria.com.mx\/blog\/wp-content\/uploads\/2016\/02\/kichink_ad-768x284.jpg 768w, https:\/\/www.lacanasteria.com.mx\/blog\/wp-content\/uploads\/2016\/02\/kichink_ad-370x137.jpg 370w\" sizes=\"auto, (max-width: 851px) 100vw, 851px\" \/><\/p>\n<p style=\"text-align:center;\"><strong>\u00a1Bievenidos y gracias por visitar nuestro blog!\u00a0<\/strong><\/p>\n<p style=\"text-align:center;\">Por favor si tienes cualquier comentario o pregunta no dudes en dejarnos saber.<\/p>\n<p>Recuerda que somos un negocio 100% digital, manejando entregas a todo el pa\u00eds<br \/>\ny no contamos con tiendas f\u00edsicas en ninguna parte de la rep\u00fablica mexicana.<\/p>\n<p style=\"text-align:center;\">Para comprar tu canasta puedes visitar nuestra <a href=\"http:\/\/www.lacanasteria.com.mx\">tienda online<br \/>\n<\/a>y escoger el tiempo de env\u00edo as\u00ed como m\u00e9todo de pago ideal para ti<br \/>\n(PAYPAL, MECADOPAGO,TRANSFERENCIAS).<\/p>\n<p>Tambi\u00e9n en nuestra p\u00e1gina puedes ingresar los datos de env\u00edo<br \/>\ny un mensaje personalizado para tu gift basket.<\/p>\n<p>Manejamos dos tipos de env\u00edo a trav\u00e9s de FEDEX y hacemos entregas de Lunes a Viernes:<br \/>\n&#8211; 1-3 D\u00edas: $180 Pesos (apox.)<br \/>\n&#8211; D\u00eda Siguente: $280 Pesos (aprox.)<\/p>\n<p style=\"text-align:center;\">\u00a1Gracias por tu inter\u00e9s en nosotros y estamos a la orden para lo que se pueda ofrecer!<\/p>\n<p style=\"text-align:center;\"><strong>La Canasteria Gift Baskets<\/strong><br \/>\n<strong> www.lacanasteria.com.mx<\/strong><br \/>\n<strong> lacanasteria@gmail.com<\/strong><br \/>\n<strong> 045 22 22 99 90 92<\/strong><br \/>\n<strong> Puebla, M\u00e9xico<\/strong><\/p>\n<p style=\"text-align:center;\">\n","protected":false},"excerpt":{"rendered":"<p>\u00a1Bievenidos y gracias por visitar nuestro blog!\u00a0 Por favor si tienes cualquier comentario o pregunta no dudes en dejarnos saber. Recuerda que somos un negocio 100% digital, manejando entregas a todo el pa\u00eds y no[&#8230;]<\/p>\n","protected":false},"author":2,"featured_media":0,"parent":0,"menu_order":0,"comment_status":"open","ping_status":"open","template":"","meta":{"_exactmetrics_skip_tracking":false,"_exactmetrics_sitenote_active":false,"_exactmetrics_sitenote_note":"","_exactmetrics_sitenote_category":0,"footnotes":""},"class_list":["post-1460","page","type-page","status-publish","hentry"],"yoast_head":"<!-- This site is optimized with the Yoast SEO Premium plugin v23.4 (Yoast SEO v23.4) - https:\/\/yoast.com\/wordpress\/plugins\/seo\/ -->\n<title>Contacto - La Canaster\u00eda Blog<\/title>\n<meta name=\"robots\" content=\"index, follow, max-snippet:-1, max-image-preview:large, max-video-preview:-1\" \/>\n<link rel=\"canonical\" href=\"https:\/\/www.lacanasteria.com.mx\/blog\/how-to-buy\/\" \/>\n<meta property=\"og:locale\" content=\"es_ES\" \/>\n<meta property=\"og:type\" content=\"article\" \/>\n<meta property=\"og:title\" content=\"Contacto\" \/>\n<meta property=\"og:description\" content=\"\u00a1Bievenidos y gracias por visitar nuestro blog!\u00a0 Por favor si tienes cualquier comentario o pregunta no dudes en dejarnos saber. Recuerda que somos un negocio 100% digital, manejando entregas a todo el pa\u00eds y no[...]\" \/>\n<meta property=\"og:url\" content=\"https:\/\/www.lacanasteria.com.mx\/blog\/how-to-buy\/\" \/>\n<meta property=\"og:site_name\" content=\"La Canaster\u00eda Blog\" \/>\n<meta property=\"article:publisher\" content=\"https:\/\/www.facebook.com\/LaCanasteriaGB\/\" \/>\n<meta property=\"og:image\" content=\"http:\/\/lacanasteria.com.mx\/blog\/wp-content\/uploads\/2016\/02\/kichink_ad.jpg\" \/>\n<meta name=\"twitter:card\" content=\"summary_large_image\" \/>\n<meta name=\"twitter:label1\" content=\"Tiempo de lectura\" \/>\n\t<meta name=\"twitter:data1\" content=\"1 minuto\" \/>\n<script type=\"application\/ld+json\" class=\"yoast-schema-graph\">{\"@context\":\"https:\/\/schema.org\",\"@graph\":[{\"@type\":\"WebPage\",\"@id\":\"https:\/\/www.lacanasteria.com.mx\/blog\/how-to-buy\/\",\"url\":\"https:\/\/www.lacanasteria.com.mx\/blog\/how-to-buy\/\",\"name\":\"Contacto - La Canaster\u00eda Blog\",\"isPartOf\":{\"@id\":\"http:\/\/www.lacanasteria.com.mx\/blog\/#website\"},\"primaryImageOfPage\":{\"@id\":\"https:\/\/www.lacanasteria.com.mx\/blog\/how-to-buy\/#primaryimage\"},\"image\":{\"@id\":\"https:\/\/www.lacanasteria.com.mx\/blog\/how-to-buy\/#primaryimage\"},\"thumbnailUrl\":\"http:\/\/lacanasteria.com.mx\/blog\/wp-content\/uploads\/2016\/02\/kichink_ad.jpg\",\"datePublished\":\"2013-09-03T22:46:21+00:00\",\"dateModified\":\"2013-09-03T22:46:21+00:00\",\"breadcrumb\":{\"@id\":\"https:\/\/www.lacanasteria.com.mx\/blog\/how-to-buy\/#breadcrumb\"},\"inLanguage\":\"es\",\"potentialAction\":[{\"@type\":\"ReadAction\",\"target\":[\"https:\/\/www.lacanasteria.com.mx\/blog\/how-to-buy\/\"]}]},{\"@type\":\"ImageObject\",\"inLanguage\":\"es\",\"@id\":\"https:\/\/www.lacanasteria.com.mx\/blog\/how-to-buy\/#primaryimage\",\"url\":\"http:\/\/lacanasteria.com.mx\/blog\/wp-content\/uploads\/2016\/02\/kichink_ad.jpg\",\"contentUrl\":\"http:\/\/lacanasteria.com.mx\/blog\/wp-content\/uploads\/2016\/02\/kichink_ad.jpg\"},{\"@type\":\"BreadcrumbList\",\"@id\":\"https:\/\/www.lacanasteria.com.mx\/blog\/how-to-buy\/#breadcrumb\",\"itemListElement\":[{\"@type\":\"ListItem\",\"position\":1,\"name\":\"Portada\",\"item\":\"http:\/\/www.lacanasteria.com.mx\/blog\/\"},{\"@type\":\"ListItem\",\"position\":2,\"name\":\"Contacto\"}]},{\"@type\":\"WebSite\",\"@id\":\"http:\/\/www.lacanasteria.com.mx\/blog\/#website\",\"url\":\"http:\/\/www.lacanasteria.com.mx\/blog\/\",\"name\":\"Canastas De Regalo La Canaster\u00eda\",\"description\":\"Blog de la tienda virtual La Canaster\u00eda\",\"potentialAction\":[{\"@type\":\"SearchAction\",\"target\":{\"@type\":\"EntryPoint\",\"urlTemplate\":\"http:\/\/www.lacanasteria.com.mx\/blog\/?s={search_term_string}\"},\"query-input\":{\"@type\":\"PropertyValueSpecification\",\"valueRequired\":true,\"valueName\":\"search_term_string\"}}],\"inLanguage\":\"es\"}]}<\/script>\n<!-- \/ Yoast SEO Premium plugin. -->","yoast_head_json":{"title":"Contacto - La Canaster\u00eda Blog","robots":{"index":"index","follow":"follow","max-snippet":"max-snippet:-1","max-image-preview":"max-image-preview:large","max-video-preview":"max-video-preview:-1"},"canonical":"https:\/\/www.lacanasteria.com.mx\/blog\/how-to-buy\/","og_locale":"es_ES","og_type":"article","og_title":"Contacto","og_description":"\u00a1Bievenidos y gracias por visitar nuestro blog!\u00a0 Por favor si tienes cualquier comentario o pregunta no dudes en dejarnos saber. Recuerda que somos un negocio 100% digital, manejando entregas a todo el pa\u00eds y no[...]","og_url":"https:\/\/www.lacanasteria.com.mx\/blog\/how-to-buy\/","og_site_name":"La Canaster\u00eda Blog","article_publisher":"https:\/\/www.facebook.com\/LaCanasteriaGB\/","og_image":[{"url":"http:\/\/lacanasteria.com.mx\/blog\/wp-content\/uploads\/2016\/02\/kichink_ad.jpg"}],"twitter_card":"summary_large_image","twitter_misc":{"Tiempo de lectura":"1 minuto"},"schema":{"@context":"https:\/\/schema.org","@graph":[{"@type":"WebPage","@id":"https:\/\/www.lacanasteria.com.mx\/blog\/how-to-buy\/","url":"https:\/\/www.lacanasteria.com.mx\/blog\/how-to-buy\/","name":"Contacto - La Canaster\u00eda Blog","isPartOf":{"@id":"http:\/\/www.lacanasteria.com.mx\/blog\/#website"},"primaryImageOfPage":{"@id":"https:\/\/www.lacanasteria.com.mx\/blog\/how-to-buy\/#primaryimage"},"image":{"@id":"https:\/\/www.lacanasteria.com.mx\/blog\/how-to-buy\/#primaryimage"},"thumbnailUrl":"http:\/\/lacanasteria.com.mx\/blog\/wp-content\/uploads\/2016\/02\/kichink_ad.jpg","datePublished":"2013-09-03T22:46:21+00:00","dateModified":"2013-09-03T22:46:21+00:00","breadcrumb":{"@id":"https:\/\/www.lacanasteria.com.mx\/blog\/how-to-buy\/#breadcrumb"},"inLanguage":"es","potentialAction":[{"@type":"ReadAction","target":["https:\/\/www.lacanasteria.com.mx\/blog\/how-to-buy\/"]}]},{"@type":"ImageObject","inLanguage":"es","@id":"https:\/\/www.lacanasteria.com.mx\/blog\/how-to-buy\/#primaryimage","url":"http:\/\/lacanasteria.com.mx\/blog\/wp-content\/uploads\/2016\/02\/kichink_ad.jpg","contentUrl":"http:\/\/lacanasteria.com.mx\/blog\/wp-content\/uploads\/2016\/02\/kichink_ad.jpg"},{"@type":"BreadcrumbList","@id":"https:\/\/www.lacanasteria.com.mx\/blog\/how-to-buy\/#breadcrumb","itemListElement":[{"@type":"ListItem","position":1,"name":"Portada","item":"http:\/\/www.lacanasteria.com.mx\/blog\/"},{"@type":"ListItem","position":2,"name":"Contacto"}]},{"@type":"WebSite","@id":"http:\/\/www.lacanasteria.com.mx\/blog\/#website","url":"http:\/\/www.lacanasteria.com.mx\/blog\/","name":"Canastas De Regalo La Canaster\u00eda","description":"Blog de la tienda virtual La Canaster\u00eda","potentialAction":[{"@type":"SearchAction","target":{"@type":"EntryPoint","urlTemplate":"http:\/\/www.lacanasteria.com.mx\/blog\/?s={search_term_string}"},"query-input":{"@type":"PropertyValueSpecification","valueRequired":true,"valueName":"search_term_string"}}],"inLanguage":"es"}]}},"_links":{"self":[{"href":"https:\/\/www.lacanasteria.com.mx\/blog\/wp-json\/wp\/v2\/pages\/1460","targetHints":{"allow":["GET"]}}],"collection":[{"href":"https:\/\/www.lacanasteria.com.mx\/blog\/wp-json\/wp\/v2\/pages"}],"about":[{"href":"https:\/\/www.lacanasteria.com.mx\/blog\/wp-json\/wp\/v2\/types\/page"}],"author":[{"embeddable":true,"href":"https:\/\/www.lacanasteria.com.mx\/blog\/wp-json\/wp\/v2\/users\/2"}],"replies":[{"embeddable":true,"href":"https:\/\/www.lacanasteria.com.mx\/blog\/wp-json\/wp\/v2\/comments?post=1460"}],"version-history":[{"count":0,"href":"https:\/\/www.lacanasteria.com.mx\/blog\/wp-json\/wp\/v2\/pages\/1460\/revisions"}],"wp:attachment":[{"href":"https:\/\/www.lacanasteria.com.mx\/blog\/wp-json\/wp\/v2\/media?parent=1460"}],"curies":[{"name":"wp","href":"https:\/\/api.w.org\/{rel}","templated":true}]}}