{"id":10967,"date":"2024-03-12T03:30:29","date_gmt":"2024-03-12T03:30:29","guid":{"rendered":"https:\/\/www.lacanasteria.com.mx\/blog\/?page_id=10967"},"modified":"2024-03-12T03:30:29","modified_gmt":"2024-03-12T03:30:29","slug":"detalles-economicos-10-de-mayo-cdmx-df-queretaro","status":"publish","type":"page","link":"http:\/\/www.lacanasteria.com.mx\/blog\/detalles-economicos-10-de-mayo-cdmx-df-queretaro\/","title":{"rendered":"Detalles econ\u00f3micos para empresas y eventos"},"content":{"rendered":"\n<p class=\"has-medium-font-size\">Bienvenido a nuestro <a href=\"https:\/\/www.lacanasteria.com.mx\/blog\/\">blog <\/a>en La<a href=\"https:\/\/www.lacanasteria.com.mx\/\"> Canaster\u00eda<\/a> d\u00f3nde hoy compartimos detalles econ\u00f3micos de spa para regalos en empresas y recuerdos para eventos. En este post compartiremos regalitos finos que nos encantan por menos de $150 pesos mexicanos. Pero en cualquier momento puedes ver nuestro cat\u00e1logo completo de<a href=\"https:\/\/www.lacanasteria.com.mx\/pub\/media\/pdf\/LaCanasteria_ThePartyFavorCollection.pdf\"> recuerdos para eventos privados<\/a>, as\u00ed como nuestro cat\u00e1logo de<a href=\"https:\/\/lacanasteria.com.mx\/pub\/media\/pdf\/LaCanasteria_Coleccion10deMayo_DiadeLaMujer.pdf\"> regalos corporativos<\/a>. Por ahora les contamos de nuestros nuevos dise\u00f1os y detalles econ\u00f3micos que no rompen el presupuesto. Para regalos en empresas nos encantan para ocasiones como 10 de Mayo, D\u00eda de la Mujer, congresos y aniversarios de marca. Y para eventos privados nos gustan mucho como recuerdos finos para despedidas de soltera, <em>baby shower<\/em> y m\u00e1s! <\/p>\n\n\n\n<figure class=\"wp-block-image size-large is-resized\"><img loading=\"lazy\" decoding=\"async\" src=\"http:\/\/www.lacanasteria.com.mx\/blog\/wp-content\/uploads\/2024\/03\/detallitos_bonitos-economicos-1024x234.png\" alt=\"\" class=\"wp-image-10969\" width=\"840\" height=\"191\" srcset=\"http:\/\/www.lacanasteria.com.mx\/blog\/wp-content\/uploads\/2024\/03\/detallitos_bonitos-economicos-1024x234.png 1024w, http:\/\/www.lacanasteria.com.mx\/blog\/wp-content\/uploads\/2024\/03\/detallitos_bonitos-economicos-300x69.png 300w, http:\/\/www.lacanasteria.com.mx\/blog\/wp-content\/uploads\/2024\/03\/detallitos_bonitos-economicos-768x175.png 768w, http:\/\/www.lacanasteria.com.mx\/blog\/wp-content\/uploads\/2024\/03\/detallitos_bonitos-economicos-1536x351.png 1536w, http:\/\/www.lacanasteria.com.mx\/blog\/wp-content\/uploads\/2024\/03\/detallitos_bonitos-economicos-370x85.png 370w, http:\/\/www.lacanasteria.com.mx\/blog\/wp-content\/uploads\/2024\/03\/detallitos_bonitos-economicos-1040x238.png 1040w, http:\/\/www.lacanasteria.com.mx\/blog\/wp-content\/uploads\/2024\/03\/detallitos_bonitos-economicos.png 2000w\" sizes=\"auto, (max-width: 840px) 100vw, 840px\" \/><\/figure>\n\n\n\n<p class=\"has-medium-font-size\">Como primera propuesta para detalles econ\u00f3micos tenemos nuestro Kit <em>petite <\/em>con tem\u00e1tica floral. Consiste en un set con <em>body wash<\/em> relajante de Tila y Melissa y crema corporal de orqu\u00eddea. De igual forma contamos con crema de yogurt en tono de rosa para eventos con tem\u00e1tica pink. Tanto el <em>body wash<\/em> como nuestras cremas tienen aromas deliciosos y bondades exquisitas para la piel. Y aunque la presentaci\u00f3n es sencilla, nos fascina la bolsita transparente ya que se aprecia el detalle floral natural con cuarzos en distintos colores para un toque original perfecto. <\/p>\n\n\n\n<div class=\"wp-block-media-text alignwide is-stacked-on-mobile\"><figure class=\"wp-block-media-text__media\"><a href=\"https:\/\/lacanasteria.com.mx\/pub\/media\/pdf\/LaCanasteria_Coleccion10deMayo_DiadeLaMujer.pdf\"><img loading=\"lazy\" decoding=\"async\" width=\"751\" height=\"751\" src=\"http:\/\/www.lacanasteria.com.mx\/blog\/wp-content\/uploads\/2024\/03\/collage_cremitas-ammenities-kit-spa-economico-canasteria.png\" alt=\"detalles economicos para empresas 10 de mayo dia de las madres mexico cdmx df queretaro puebla guadalajara veracruz monterrey\" class=\"wp-image-10968 size-full\" srcset=\"http:\/\/www.lacanasteria.com.mx\/blog\/wp-content\/uploads\/2024\/03\/collage_cremitas-ammenities-kit-spa-economico-canasteria.png 751w, http:\/\/www.lacanasteria.com.mx\/blog\/wp-content\/uploads\/2024\/03\/collage_cremitas-ammenities-kit-spa-economico-canasteria-300x300.png 300w, http:\/\/www.lacanasteria.com.mx\/blog\/wp-content\/uploads\/2024\/03\/collage_cremitas-ammenities-kit-spa-economico-canasteria-150x150.png 150w, http:\/\/www.lacanasteria.com.mx\/blog\/wp-content\/uploads\/2024\/03\/collage_cremitas-ammenities-kit-spa-economico-canasteria-370x370.png 370w\" sizes=\"auto, (max-width: 751px) 100vw, 751px\" \/><\/a><\/figure><div class=\"wp-block-media-text__content\">\n<p class=\"has-large-font-size\">Kit Floral: $95 Pesos <br>Body wash relajante de Tila y Crema corporal de Orqu\u00eddea<\/p>\n<\/div><\/div>\n\n\n\n<p class=\"has-medium-font-size\">Como segunda opci\u00f3n, tenemos una propuesta para detalles econ\u00f3micos con set mixto. Incluye cremita corporal del aroma que elijas en bolsa herm\u00e9tica con cierre y jab\u00f3n artesanal. Podemos dise\u00f1ar una estampa para la bolsita o una tarjeta de ocasi\u00f3n con la informaci\u00f3n de tu evento. <\/p>\n\n\n\n<div class=\"wp-block-media-text alignwide is-stacked-on-mobile\"><figure class=\"wp-block-media-text__media\"><a href=\"https:\/\/lacanasteria.com.mx\/pub\/media\/pdf\/LaCanasteria_Coleccion10deMayo_DiadeLaMujer.pdf\"><img loading=\"lazy\" decoding=\"async\" width=\"795\" height=\"795\" src=\"http:\/\/www.lacanasteria.com.mx\/blog\/wp-content\/uploads\/2024\/03\/detalles-economicos-recuerdos-eventos-10-mayo-dia-mujer-despedida-soltera-canasteria.png\" alt=\"Detalles econ\u00f3micos para empresas 10 de mayo 2024 cdmx df queretaro guadalajara veracruz monterrey la paz mexicali cancun tijuana\" class=\"wp-image-10970 size-full\" srcset=\"http:\/\/www.lacanasteria.com.mx\/blog\/wp-content\/uploads\/2024\/03\/detalles-economicos-recuerdos-eventos-10-mayo-dia-mujer-despedida-soltera-canasteria.png 795w, http:\/\/www.lacanasteria.com.mx\/blog\/wp-content\/uploads\/2024\/03\/detalles-economicos-recuerdos-eventos-10-mayo-dia-mujer-despedida-soltera-canasteria-300x300.png 300w, http:\/\/www.lacanasteria.com.mx\/blog\/wp-content\/uploads\/2024\/03\/detalles-economicos-recuerdos-eventos-10-mayo-dia-mujer-despedida-soltera-canasteria-150x150.png 150w, http:\/\/www.lacanasteria.com.mx\/blog\/wp-content\/uploads\/2024\/03\/detalles-economicos-recuerdos-eventos-10-mayo-dia-mujer-despedida-soltera-canasteria-768x768.png 768w, http:\/\/www.lacanasteria.com.mx\/blog\/wp-content\/uploads\/2024\/03\/detalles-economicos-recuerdos-eventos-10-mayo-dia-mujer-despedida-soltera-canasteria-370x370.png 370w\" sizes=\"auto, (max-width: 795px) 100vw, 795px\" \/><\/a><\/figure><div class=\"wp-block-media-text__content\">\n<p class=\"has-large-font-size\">Kit Mixto: $95 Pesos<br>Crema de Orqu\u00eddea y Jab\u00f3n artesanal <\/p>\n<\/div><\/div>\n\n\n\n<p class=\"has-medium-font-size\">Recuerda que absolutamente todos nuestros kits de regalo para empresas as\u00ed como recuerdos para eventos incluyen etiqueta personalizada al gusto. Incluye tu logotipo, colores corporativos e informaci\u00f3n de evento. Nuestros precios incluyen IVA y manejamos env\u00edos a todo M\u00e9xico. <\/p>\n\n\n\n<div class=\"wp-block-image\"><figure class=\"aligncenter size-large\"><img loading=\"lazy\" decoding=\"async\" width=\"1024\" height=\"234\" src=\"http:\/\/www.lacanasteria.com.mx\/blog\/wp-content\/uploads\/2024\/03\/Florales_Orquidea_peonia_lavanda-1024x234.png\" alt=\"\" class=\"wp-image-10972\" srcset=\"http:\/\/www.lacanasteria.com.mx\/blog\/wp-content\/uploads\/2024\/03\/Florales_Orquidea_peonia_lavanda-1024x234.png 1024w, http:\/\/www.lacanasteria.com.mx\/blog\/wp-content\/uploads\/2024\/03\/Florales_Orquidea_peonia_lavanda-300x69.png 300w, http:\/\/www.lacanasteria.com.mx\/blog\/wp-content\/uploads\/2024\/03\/Florales_Orquidea_peonia_lavanda-768x175.png 768w, http:\/\/www.lacanasteria.com.mx\/blog\/wp-content\/uploads\/2024\/03\/Florales_Orquidea_peonia_lavanda-1536x351.png 1536w, http:\/\/www.lacanasteria.com.mx\/blog\/wp-content\/uploads\/2024\/03\/Florales_Orquidea_peonia_lavanda-370x85.png 370w, http:\/\/www.lacanasteria.com.mx\/blog\/wp-content\/uploads\/2024\/03\/Florales_Orquidea_peonia_lavanda-1040x238.png 1040w, http:\/\/www.lacanasteria.com.mx\/blog\/wp-content\/uploads\/2024\/03\/Florales_Orquidea_peonia_lavanda.png 2000w\" sizes=\"auto, (max-width: 1024px) 100vw, 1024px\" \/><\/figure><\/div>\n\n\n\n<p class=\"has-medium-font-size\">Otra opci\u00f3n para nuestra l\u00ednea de detalles econ\u00f3micos que nos fascina es nuestro set floral petit. Una degustaci\u00f3n de dos de nuestros tesoros favoritos en La Canaster\u00eda: nuestro exfoliante de lavanda y jab\u00f3n org\u00e1nico de peonia. Ambos detallitos son de incre\u00edble calidad con ingredientes deliciosos que en verdad nutren a la piel. Nuestro exfoliante puede ser facial o corporal. E inclusive podemos hacer la peonia en forma de vela en vez de jab\u00f3n. <\/p>\n\n\n\n<div class=\"wp-block-media-text alignwide is-stacked-on-mobile\"><figure class=\"wp-block-media-text__media\"><a href=\"https:\/\/lacanasteria.com.mx\/pub\/media\/pdf\/LaCanasteria_Coleccion10deMayo_DiadeLaMujer.pdf\"><img loading=\"lazy\" decoding=\"async\" width=\"812\" height=\"812\" src=\"http:\/\/www.lacanasteria.com.mx\/blog\/wp-content\/uploads\/2024\/03\/detalles-economicos-empresas-spa-10-mayo-cdmx-df-mexico-puebla.png\" alt=\"Kits de spa economicos para regalos en empresas df cdmx mexico puebla guadalajara veracruz monterrey\" class=\"wp-image-10973 size-full\" srcset=\"http:\/\/www.lacanasteria.com.mx\/blog\/wp-content\/uploads\/2024\/03\/detalles-economicos-empresas-spa-10-mayo-cdmx-df-mexico-puebla.png 812w, http:\/\/www.lacanasteria.com.mx\/blog\/wp-content\/uploads\/2024\/03\/detalles-economicos-empresas-spa-10-mayo-cdmx-df-mexico-puebla-300x300.png 300w, http:\/\/www.lacanasteria.com.mx\/blog\/wp-content\/uploads\/2024\/03\/detalles-economicos-empresas-spa-10-mayo-cdmx-df-mexico-puebla-150x150.png 150w, http:\/\/www.lacanasteria.com.mx\/blog\/wp-content\/uploads\/2024\/03\/detalles-economicos-empresas-spa-10-mayo-cdmx-df-mexico-puebla-768x768.png 768w, http:\/\/www.lacanasteria.com.mx\/blog\/wp-content\/uploads\/2024\/03\/detalles-economicos-empresas-spa-10-mayo-cdmx-df-mexico-puebla-370x370.png 370w\" sizes=\"auto, (max-width: 812px) 100vw, 812px\" \/><\/a><\/figure><div class=\"wp-block-media-text__content\">\n<p class=\"has-large-font-size\">Set Floral de Peonia y Lavanda: $150 Pesos <\/p>\n<\/div><\/div>\n\n\n\n<p class=\"has-medium-font-size\">Colocamos estas delicias de spa en una bolsita de estraza con ventana con hermosa presentaci\u00f3n que luce a primera vista. Podemos hacer el jab\u00f3n o vela de peonia en el color que gustes y coordinamos el list\u00f3n externo al gusto. No incluimos etiqueta para nuestra foto de cat\u00e1logo pero claro que incluye tarjeta con dise\u00f1o personalizado para ti. <\/p>\n\n\n\n<div class=\"wp-block-media-text alignwide is-stacked-on-mobile\"><figure class=\"wp-block-media-text__media\"><a href=\"https:\/\/lacanasteria.com.mx\/pub\/media\/pdf\/LaCanasteria_Coleccion10deMayo_DiadeLaMujer.pdf\"><img loading=\"lazy\" decoding=\"async\" width=\"1024\" height=\"1024\" src=\"http:\/\/www.lacanasteria.com.mx\/blog\/wp-content\/uploads\/2024\/03\/detalles-economicos-empresas-kit-spa-crema-jabon-mexico-cdmx-df-10-mayo-dia-madres-1024x1024.png\" alt=\"detalles economicos para empresas 10 de mayo dia madres tijuana mexicali la paz cdmx df \" class=\"wp-image-10974 size-full\" srcset=\"http:\/\/www.lacanasteria.com.mx\/blog\/wp-content\/uploads\/2024\/03\/detalles-economicos-empresas-kit-spa-crema-jabon-mexico-cdmx-df-10-mayo-dia-madres-1024x1024.png 1024w, http:\/\/www.lacanasteria.com.mx\/blog\/wp-content\/uploads\/2024\/03\/detalles-economicos-empresas-kit-spa-crema-jabon-mexico-cdmx-df-10-mayo-dia-madres-300x300.png 300w, http:\/\/www.lacanasteria.com.mx\/blog\/wp-content\/uploads\/2024\/03\/detalles-economicos-empresas-kit-spa-crema-jabon-mexico-cdmx-df-10-mayo-dia-madres-150x150.png 150w, http:\/\/www.lacanasteria.com.mx\/blog\/wp-content\/uploads\/2024\/03\/detalles-economicos-empresas-kit-spa-crema-jabon-mexico-cdmx-df-10-mayo-dia-madres-768x768.png 768w, http:\/\/www.lacanasteria.com.mx\/blog\/wp-content\/uploads\/2024\/03\/detalles-economicos-empresas-kit-spa-crema-jabon-mexico-cdmx-df-10-mayo-dia-madres-1536x1536.png 1536w, http:\/\/www.lacanasteria.com.mx\/blog\/wp-content\/uploads\/2024\/03\/detalles-economicos-empresas-kit-spa-crema-jabon-mexico-cdmx-df-10-mayo-dia-madres-370x370.png 370w, http:\/\/www.lacanasteria.com.mx\/blog\/wp-content\/uploads\/2024\/03\/detalles-economicos-empresas-kit-spa-crema-jabon-mexico-cdmx-df-10-mayo-dia-madres-1040x1040.png 1040w, http:\/\/www.lacanasteria.com.mx\/blog\/wp-content\/uploads\/2024\/03\/detalles-economicos-empresas-kit-spa-crema-jabon-mexico-cdmx-df-10-mayo-dia-madres.png 2000w\" sizes=\"auto, (max-width: 1024px) 100vw, 1024px\" \/><\/a><\/figure><div class=\"wp-block-media-text__content\">\n<p class=\"has-large-font-size\">Set Floral de Orqu\u00eddea y Peonia: $150 Pesos <\/p>\n<\/div><\/div>\n\n\n\n<p>Como \u00faltima opci\u00f3n compartimos nuestro set con crema y jab\u00f3n floral de peonia. Podemos hacer la combinaci\u00f3n que gustes con crema de orqu\u00eddea y jab\u00f3n en tonos de lavanda o bien, con crema de yogurt y jab\u00f3n en color rosa. Colocamos ambas cositas de spa en bolsa de organza para un detalle super lindo que no rompe la cartera. <\/p>\n\n\n\n<div class=\"wp-block-image\"><figure class=\"aligncenter size-large is-resized\"><img loading=\"lazy\" decoding=\"async\" src=\"http:\/\/www.lacanasteria.com.mx\/blog\/wp-content\/uploads\/2023\/07\/AVISO_contacto_cotizaciones_canasteria-1024x586.png\" alt=\"\" class=\"wp-image-10803\" width=\"529\" height=\"302\" srcset=\"http:\/\/www.lacanasteria.com.mx\/blog\/wp-content\/uploads\/2023\/07\/AVISO_contacto_cotizaciones_canasteria-1024x586.png 1024w, http:\/\/www.lacanasteria.com.mx\/blog\/wp-content\/uploads\/2023\/07\/AVISO_contacto_cotizaciones_canasteria-300x172.png 300w, http:\/\/www.lacanasteria.com.mx\/blog\/wp-content\/uploads\/2023\/07\/AVISO_contacto_cotizaciones_canasteria-768x440.png 768w, http:\/\/www.lacanasteria.com.mx\/blog\/wp-content\/uploads\/2023\/07\/AVISO_contacto_cotizaciones_canasteria-1536x879.png 1536w, http:\/\/www.lacanasteria.com.mx\/blog\/wp-content\/uploads\/2023\/07\/AVISO_contacto_cotizaciones_canasteria-370x212.png 370w, http:\/\/www.lacanasteria.com.mx\/blog\/wp-content\/uploads\/2023\/07\/AVISO_contacto_cotizaciones_canasteria-1040x595.png 1040w, http:\/\/www.lacanasteria.com.mx\/blog\/wp-content\/uploads\/2023\/07\/AVISO_contacto_cotizaciones_canasteria.png 2000w\" sizes=\"auto, (max-width: 529px) 100vw, 529px\" \/><\/figure><\/div>\n","protected":false},"excerpt":{"rendered":"<p>Bienvenido a nuestro blog en La Canaster\u00eda d\u00f3nde hoy compartimos detalles econ\u00f3micos de spa para regalos en empresas y recuerdos para eventos. En este post compartiremos regalitos finos que nos encantan por menos de $150[&#8230;]<\/p>\n","protected":false},"author":2,"featured_media":10974,"parent":0,"menu_order":0,"comment_status":"closed","ping_status":"closed","template":"","meta":{"_exactmetrics_skip_tracking":false,"_exactmetrics_sitenote_active":false,"_exactmetrics_sitenote_note":"","_exactmetrics_sitenote_category":0,"footnotes":""},"class_list":["post-10967","page","type-page","status-publish","has-post-thumbnail","hentry"],"yoast_head":"<!-- This site is optimized with the Yoast SEO Premium plugin v23.4 (Yoast SEO v23.4) - https:\/\/yoast.com\/wordpress\/plugins\/seo\/ -->\n<title>Detalles econ\u00f3micos finos y c\u00e1lidos para regalos en empresas y eventos<\/title>\n<meta name=\"description\" content=\"Detalles econ\u00f3micos con fino y c\u00e1lido dise\u00f1o ideal para recuerdos en eventos y regalos en empresas. Facturamos y enviamos a todo M\u00e9xico.\" \/>\n<meta name=\"robots\" content=\"index, follow, max-snippet:-1, max-image-preview:large, max-video-preview:-1\" \/>\n<link rel=\"canonical\" href=\"http:\/\/www.lacanasteria.com.mx\/blog\/detalles-economicos-10-de-mayo-cdmx-df-queretaro\/\" \/>\n<meta property=\"og:locale\" content=\"es_ES\" \/>\n<meta property=\"og:type\" content=\"article\" \/>\n<meta property=\"og:title\" content=\"Detalles econ\u00f3micos para empresas y eventos\" \/>\n<meta property=\"og:description\" content=\"Detalles econ\u00f3micos con fino y c\u00e1lido dise\u00f1o ideal para recuerdos en eventos y regalos en empresas. Facturamos y enviamos a todo M\u00e9xico.\" \/>\n<meta property=\"og:url\" content=\"http:\/\/www.lacanasteria.com.mx\/blog\/detalles-economicos-10-de-mayo-cdmx-df-queretaro\/\" \/>\n<meta property=\"og:site_name\" content=\"La Canaster\u00eda Blog\" \/>\n<meta property=\"article:publisher\" content=\"https:\/\/www.facebook.com\/LaCanasteriaGB\/\" \/>\n<meta property=\"og:image\" content=\"http:\/\/www.lacanasteria.com.mx\/blog\/wp-content\/uploads\/2024\/03\/detalles-economicos-empresas-kit-spa-crema-jabon-mexico-cdmx-df-10-mayo-dia-madres-1024x1024.png\" \/>\n\t<meta property=\"og:image:width\" content=\"1024\" \/>\n\t<meta property=\"og:image:height\" content=\"1024\" \/>\n\t<meta property=\"og:image:type\" content=\"image\/png\" \/>\n<meta name=\"twitter:card\" content=\"summary_large_image\" \/>\n<meta name=\"twitter:label1\" content=\"Tiempo de lectura\" \/>\n\t<meta name=\"twitter:data1\" content=\"4 minutos\" \/>\n<script type=\"application\/ld+json\" class=\"yoast-schema-graph\">{\"@context\":\"https:\/\/schema.org\",\"@graph\":[{\"@type\":\"WebPage\",\"@id\":\"http:\/\/www.lacanasteria.com.mx\/blog\/detalles-economicos-10-de-mayo-cdmx-df-queretaro\/\",\"url\":\"http:\/\/www.lacanasteria.com.mx\/blog\/detalles-economicos-10-de-mayo-cdmx-df-queretaro\/\",\"name\":\"Detalles econ\u00f3micos finos y c\u00e1lidos para regalos en empresas y eventos\",\"isPartOf\":{\"@id\":\"https:\/\/www.lacanasteria.com.mx\/blog\/#website\"},\"primaryImageOfPage\":{\"@id\":\"http:\/\/www.lacanasteria.com.mx\/blog\/detalles-economicos-10-de-mayo-cdmx-df-queretaro\/#primaryimage\"},\"image\":{\"@id\":\"http:\/\/www.lacanasteria.com.mx\/blog\/detalles-economicos-10-de-mayo-cdmx-df-queretaro\/#primaryimage\"},\"thumbnailUrl\":\"http:\/\/www.lacanasteria.com.mx\/blog\/wp-content\/uploads\/2024\/03\/detalles-economicos-empresas-kit-spa-crema-jabon-mexico-cdmx-df-10-mayo-dia-madres.png\",\"datePublished\":\"2024-03-12T03:30:29+00:00\",\"dateModified\":\"2024-03-12T03:30:29+00:00\",\"description\":\"Detalles econ\u00f3micos con fino y c\u00e1lido dise\u00f1o ideal para recuerdos en eventos y regalos en empresas. Facturamos y enviamos a todo M\u00e9xico.\",\"breadcrumb\":{\"@id\":\"http:\/\/www.lacanasteria.com.mx\/blog\/detalles-economicos-10-de-mayo-cdmx-df-queretaro\/#breadcrumb\"},\"inLanguage\":\"es\",\"potentialAction\":[{\"@type\":\"ReadAction\",\"target\":[\"http:\/\/www.lacanasteria.com.mx\/blog\/detalles-economicos-10-de-mayo-cdmx-df-queretaro\/\"]}]},{\"@type\":\"ImageObject\",\"inLanguage\":\"es\",\"@id\":\"http:\/\/www.lacanasteria.com.mx\/blog\/detalles-economicos-10-de-mayo-cdmx-df-queretaro\/#primaryimage\",\"url\":\"http:\/\/www.lacanasteria.com.mx\/blog\/wp-content\/uploads\/2024\/03\/detalles-economicos-empresas-kit-spa-crema-jabon-mexico-cdmx-df-10-mayo-dia-madres.png\",\"contentUrl\":\"http:\/\/www.lacanasteria.com.mx\/blog\/wp-content\/uploads\/2024\/03\/detalles-economicos-empresas-kit-spa-crema-jabon-mexico-cdmx-df-10-mayo-dia-madres.png\",\"width\":2000,\"height\":2000,\"caption\":\"detalles economicos para empresas 10 de mayo dia madres tijuana mexicali la paz cdmx df\"},{\"@type\":\"BreadcrumbList\",\"@id\":\"http:\/\/www.lacanasteria.com.mx\/blog\/detalles-economicos-10-de-mayo-cdmx-df-queretaro\/#breadcrumb\",\"itemListElement\":[{\"@type\":\"ListItem\",\"position\":1,\"name\":\"Portada\",\"item\":\"https:\/\/www.lacanasteria.com.mx\/blog\/\"},{\"@type\":\"ListItem\",\"position\":2,\"name\":\"Detalles econ\u00f3micos para empresas y eventos\"}]},{\"@type\":\"WebSite\",\"@id\":\"https:\/\/www.lacanasteria.com.mx\/blog\/#website\",\"url\":\"https:\/\/www.lacanasteria.com.mx\/blog\/\",\"name\":\"Canastas De Regalo La Canaster\u00eda\",\"description\":\"Blog de la tienda virtual La Canaster\u00eda\",\"potentialAction\":[{\"@type\":\"SearchAction\",\"target\":{\"@type\":\"EntryPoint\",\"urlTemplate\":\"https:\/\/www.lacanasteria.com.mx\/blog\/?s={search_term_string}\"},\"query-input\":{\"@type\":\"PropertyValueSpecification\",\"valueRequired\":true,\"valueName\":\"search_term_string\"}}],\"inLanguage\":\"es\"}]}<\/script>\n<!-- \/ Yoast SEO Premium plugin. -->","yoast_head_json":{"title":"Detalles econ\u00f3micos finos y c\u00e1lidos para regalos en empresas y eventos","description":"Detalles econ\u00f3micos con fino y c\u00e1lido dise\u00f1o ideal para recuerdos en eventos y regalos en empresas. Facturamos y enviamos a todo M\u00e9xico.","robots":{"index":"index","follow":"follow","max-snippet":"max-snippet:-1","max-image-preview":"max-image-preview:large","max-video-preview":"max-video-preview:-1"},"canonical":"http:\/\/www.lacanasteria.com.mx\/blog\/detalles-economicos-10-de-mayo-cdmx-df-queretaro\/","og_locale":"es_ES","og_type":"article","og_title":"Detalles econ\u00f3micos para empresas y eventos","og_description":"Detalles econ\u00f3micos con fino y c\u00e1lido dise\u00f1o ideal para recuerdos en eventos y regalos en empresas. Facturamos y enviamos a todo M\u00e9xico.","og_url":"http:\/\/www.lacanasteria.com.mx\/blog\/detalles-economicos-10-de-mayo-cdmx-df-queretaro\/","og_site_name":"La Canaster\u00eda Blog","article_publisher":"https:\/\/www.facebook.com\/LaCanasteriaGB\/","og_image":[{"width":1024,"height":1024,"url":"http:\/\/www.lacanasteria.com.mx\/blog\/wp-content\/uploads\/2024\/03\/detalles-economicos-empresas-kit-spa-crema-jabon-mexico-cdmx-df-10-mayo-dia-madres-1024x1024.png","type":"image\/png"}],"twitter_card":"summary_large_image","twitter_misc":{"Tiempo de lectura":"4 minutos"},"schema":{"@context":"https:\/\/schema.org","@graph":[{"@type":"WebPage","@id":"http:\/\/www.lacanasteria.com.mx\/blog\/detalles-economicos-10-de-mayo-cdmx-df-queretaro\/","url":"http:\/\/www.lacanasteria.com.mx\/blog\/detalles-economicos-10-de-mayo-cdmx-df-queretaro\/","name":"Detalles econ\u00f3micos finos y c\u00e1lidos para regalos en empresas y eventos","isPartOf":{"@id":"https:\/\/www.lacanasteria.com.mx\/blog\/#website"},"primaryImageOfPage":{"@id":"http:\/\/www.lacanasteria.com.mx\/blog\/detalles-economicos-10-de-mayo-cdmx-df-queretaro\/#primaryimage"},"image":{"@id":"http:\/\/www.lacanasteria.com.mx\/blog\/detalles-economicos-10-de-mayo-cdmx-df-queretaro\/#primaryimage"},"thumbnailUrl":"http:\/\/www.lacanasteria.com.mx\/blog\/wp-content\/uploads\/2024\/03\/detalles-economicos-empresas-kit-spa-crema-jabon-mexico-cdmx-df-10-mayo-dia-madres.png","datePublished":"2024-03-12T03:30:29+00:00","dateModified":"2024-03-12T03:30:29+00:00","description":"Detalles econ\u00f3micos con fino y c\u00e1lido dise\u00f1o ideal para recuerdos en eventos y regalos en empresas. Facturamos y enviamos a todo M\u00e9xico.","breadcrumb":{"@id":"http:\/\/www.lacanasteria.com.mx\/blog\/detalles-economicos-10-de-mayo-cdmx-df-queretaro\/#breadcrumb"},"inLanguage":"es","potentialAction":[{"@type":"ReadAction","target":["http:\/\/www.lacanasteria.com.mx\/blog\/detalles-economicos-10-de-mayo-cdmx-df-queretaro\/"]}]},{"@type":"ImageObject","inLanguage":"es","@id":"http:\/\/www.lacanasteria.com.mx\/blog\/detalles-economicos-10-de-mayo-cdmx-df-queretaro\/#primaryimage","url":"http:\/\/www.lacanasteria.com.mx\/blog\/wp-content\/uploads\/2024\/03\/detalles-economicos-empresas-kit-spa-crema-jabon-mexico-cdmx-df-10-mayo-dia-madres.png","contentUrl":"http:\/\/www.lacanasteria.com.mx\/blog\/wp-content\/uploads\/2024\/03\/detalles-economicos-empresas-kit-spa-crema-jabon-mexico-cdmx-df-10-mayo-dia-madres.png","width":2000,"height":2000,"caption":"detalles economicos para empresas 10 de mayo dia madres tijuana mexicali la paz cdmx df"},{"@type":"BreadcrumbList","@id":"http:\/\/www.lacanasteria.com.mx\/blog\/detalles-economicos-10-de-mayo-cdmx-df-queretaro\/#breadcrumb","itemListElement":[{"@type":"ListItem","position":1,"name":"Portada","item":"https:\/\/www.lacanasteria.com.mx\/blog\/"},{"@type":"ListItem","position":2,"name":"Detalles econ\u00f3micos para empresas y eventos"}]},{"@type":"WebSite","@id":"https:\/\/www.lacanasteria.com.mx\/blog\/#website","url":"https:\/\/www.lacanasteria.com.mx\/blog\/","name":"Canastas De Regalo La Canaster\u00eda","description":"Blog de la tienda virtual La Canaster\u00eda","potentialAction":[{"@type":"SearchAction","target":{"@type":"EntryPoint","urlTemplate":"https:\/\/www.lacanasteria.com.mx\/blog\/?s={search_term_string}"},"query-input":{"@type":"PropertyValueSpecification","valueRequired":true,"valueName":"search_term_string"}}],"inLanguage":"es"}]}},"_links":{"self":[{"href":"http:\/\/www.lacanasteria.com.mx\/blog\/wp-json\/wp\/v2\/pages\/10967","targetHints":{"allow":["GET"]}}],"collection":[{"href":"http:\/\/www.lacanasteria.com.mx\/blog\/wp-json\/wp\/v2\/pages"}],"about":[{"href":"http:\/\/www.lacanasteria.com.mx\/blog\/wp-json\/wp\/v2\/types\/page"}],"author":[{"embeddable":true,"href":"http:\/\/www.lacanasteria.com.mx\/blog\/wp-json\/wp\/v2\/users\/2"}],"replies":[{"embeddable":true,"href":"http:\/\/www.lacanasteria.com.mx\/blog\/wp-json\/wp\/v2\/comments?post=10967"}],"version-history":[{"count":2,"href":"http:\/\/www.lacanasteria.com.mx\/blog\/wp-json\/wp\/v2\/pages\/10967\/revisions"}],"predecessor-version":[{"id":11717,"href":"http:\/\/www.lacanasteria.com.mx\/blog\/wp-json\/wp\/v2\/pages\/10967\/revisions\/11717"}],"wp:featuredmedia":[{"embeddable":true,"href":"http:\/\/www.lacanasteria.com.mx\/blog\/wp-json\/wp\/v2\/media\/10974"}],"wp:attachment":[{"href":"http:\/\/www.lacanasteria.com.mx\/blog\/wp-json\/wp\/v2\/media?parent=10967"}],"curies":[{"name":"wp","href":"https:\/\/api.w.org\/{rel}","templated":true}]}}